{"id":1356,"date":"2020-01-21T22:48:38","date_gmt":"2020-01-22T01:48:38","guid":{"rendered":"http:\/\/www.glauciacoutinho.com.br\/gc\/?page_id=1356"},"modified":"2020-04-07T12:10:17","modified_gmt":"2020-04-07T15:10:17","slug":"mentoria-e-consultoria","status":"publish","type":"page","link":"http:\/\/www.glauciacoutinho.com.br\/gc\/mentoria-e-consultoria\/","title":{"rendered":"Mentoria e Consultoria"},"content":{"rendered":"<p><section class=\"kc-elm kc-css-827568 kc_row\"><div class=\"kc-row-container  kc-container\"><div class=\"kc-wrap-columns\"><div class=\"kc-elm kc-css-369059 kc_col-sm-12 kc_column kc_col-sm-12\"><div class=\"kc-col-container\"><div class=\"kc-elm kc-css-969511 kc_text_block\"><\/p>\n<p style=\"text-align: left;\"><span style=\"font-size: 18px;\"><strong><img loading=\"lazy\" class=\"alignleft size-medium\" src=\"http:\/\/www.glauciacoutinho.com.br\/gc\/wp-content\/uploads\/2020\/01\/foto-mentoria-glaucia.jpg\" alt=\"\" width=\"600\" height=\"506\" \/><br \/>MENTORIA FAXINA FINANCEIRA (Online) \u2013 2 meses<\/strong><\/span><\/p>\n<p>A mentoria em grupo \u00e9 para as mulheres que querem organizar e planejar a sua vida financeira, por\u00e9m acreditam que ser\u00e1 mais f\u00e1cil se tiverem um contato mais exclusivo comigo.<\/p>\n<p>Um dos principais focos da mentoria \u00e9 a quest\u00e3o comportamental, que pode estar sabotando sua vida financeira e consequentemente impedindo voc\u00ea de realizar seus sonhos.<\/p>\n<p>A mentoria come\u00e7a com o diagn\u00f3stico da sua vida financeira, para que voc\u00ea possa entender para onde seu dinheiro est\u00e1 efetivamente indo. Se voc\u00ea quer fazer sobrar dinheiro no final do m\u00eas, se voc\u00ea quer descobrir seus gastos fantasmas e sabotadores e precisa da minha ajuda mais de perto, o momento \u00e9 agora.<\/p>\n<p>Assistir v\u00eddeos de aulas online e fazer os exerc\u00edcios sozinha, pode ser uma tortura para determinadas pessoas. Se essa \u00e9 sua situa\u00e7\u00e3o, \u00e9 por aqui que voc\u00ea deve come\u00e7ar.<\/p>\n<p>Para participar da mentoria, voc\u00ea precisa passar para uma entrevista pr\u00e9via comigo.<\/p>\n<p>Preencha o question\u00e1rio de pr\u00e9-inscri\u00e7\u00e3o.<\/p>\n<\/p>\n<p>\n<\/div>\n<div class=\"kc-elm kc-css-268873\">\n\t<a class=\"kc_button\" href=\"https:\/\/forms.gle\/KqYFVCVSyPS6ekRy6\" target=\"_blank\" title=\"\" onclick=\"https:\/\/forms.gle\/nvCXqEeqrpD6GFym8\">\n\t\tQUERO ME INSCREVER PARA A MENTORIA\t<\/a>\n<\/div>\n<\/div><\/div><\/div><\/div><\/section><section class=\"kc-elm kc-css-984688 kc_row\"><div class=\"kc-row-container  kc-container\"><div class=\"kc-wrap-columns\"><div class=\"kc-elm kc-css-624471 kc_col-sm-12 kc_column kc_col-sm-12\"><div class=\"kc-col-container\"><div class=\"kc-elm kc-css-400376 kc_text_block\"><\/p>\n<p><img loading=\"lazy\" class=\"alignleft size-medium\" src=\"http:\/\/www.glauciacoutinho.com.br\/gc\/wp-content\/uploads\/2020\/01\/foto-consultoria-glaucia.jpg\" alt=\"\" width=\"600\" height=\"506\"><\/p>\n<p><span style=\"font-size: 18px;\"><b>CONSULTORIA INDIVIDUAL<br \/><\/b><\/span><span style=\"font-style: inherit;\"><span style=\"font-size: 18px;\"><b><br \/><\/b><\/span>Voc\u00ea sabe que precisa dar uma aten\u00e7\u00e3o para sua vida financeira<\/span><\/p>\n<p><span style=\"font-style: inherit;\">Por\u00e9m, voc\u00ea est\u00e1 disposta a sair da sua zona de conforto? Est\u00e1 comprometida com o seu sucesso financeiro?<br \/><\/span><span style=\"font-style: inherit;\"><br \/>A consultoria individual \u00e9 para quem quer ter a minha ajuda pessoal na organiza\u00e7\u00e3o e planejamento da sua vida financeira, desde olhar a sua situa\u00e7\u00e3o financeira atual, a organiza\u00e7\u00e3o e planejamento, bem como iniciar sua vida no mundo dos investimentos.<br \/><\/span><span style=\"font-style: inherit;\"><br \/>Se voc\u00ea tem vergonha, n\u00e3o gosta de compartilhar sua situa\u00e7\u00e3o financeira em grupo, mas sente que precisa de ajuda para se organizar e planejar melhor, essa \u00e9 uma excelente oportunidade.<br \/><\/span><span style=\"font-style: inherit;\"><br \/>A consultoria \u00e9 composta por 6 encontros, podendo ser online ou presencial, de at\u00e9 2 horas cada um.<br \/><\/span><span style=\"font-style: inherit;\"><br \/>Os encontros da consultoria s\u00e3o compostos de uma parte expositiva, seguida de um bate papo e realiza\u00e7\u00e3o de atividades pr\u00e1ticas.<br \/><\/span><span style=\"font-style: inherit;\"><br \/>Para participar da consultoria, voc\u00ea precisa passar para uma entrevista pr\u00e9via comigo.&nbsp;<br \/><\/span><span style=\"font-style: inherit;\">Preencha o question\u00e1rio de pr\u00e9-inscri\u00e7\u00e3o.<\/span><\/p>\n<\/p>\n<p>\n<\/div>\n<div class=\"kc-elm kc-css-389405\">\n\t<a class=\"kc_button\" href=\"https:\/\/forms.gle\/bBbyWxhuE19Y9JWh6\" target=\"_blank\" title=\"\" onclick=\"https:\/\/forms.gle\/m59X2C9GrQkTEqbB6\">\n\t\tQUERO ME INSCREVER PARA A CONSULTORIA\t<\/a>\n<\/div>\n<\/div><\/div><\/div><\/div><\/section><\/p>\n","protected":false},"excerpt":{"rendered":"","protected":false},"author":2,"featured_media":0,"parent":0,"menu_order":0,"comment_status":"closed","ping_status":"closed","template":"","meta":[],"_links":{"self":[{"href":"http:\/\/www.glauciacoutinho.com.br\/gc\/wp-json\/wp\/v2\/pages\/1356"}],"collection":[{"href":"http:\/\/www.glauciacoutinho.com.br\/gc\/wp-json\/wp\/v2\/pages"}],"about":[{"href":"http:\/\/www.glauciacoutinho.com.br\/gc\/wp-json\/wp\/v2\/types\/page"}],"author":[{"embeddable":true,"href":"http:\/\/www.glauciacoutinho.com.br\/gc\/wp-json\/wp\/v2\/users\/2"}],"replies":[{"embeddable":true,"href":"http:\/\/www.glauciacoutinho.com.br\/gc\/wp-json\/wp\/v2\/comments?post=1356"}],"version-history":[{"count":40,"href":"http:\/\/www.glauciacoutinho.com.br\/gc\/wp-json\/wp\/v2\/pages\/1356\/revisions"}],"predecessor-version":[{"id":1577,"href":"http:\/\/www.glauciacoutinho.com.br\/gc\/wp-json\/wp\/v2\/pages\/1356\/revisions\/1577"}],"wp:attachment":[{"href":"http:\/\/www.glauciacoutinho.com.br\/gc\/wp-json\/wp\/v2\/media?parent=1356"}],"curies":[{"name":"wp","href":"https:\/\/api.w.org\/{rel}","templated":true}]}}