{"id":690,"date":"2018-08-02T18:27:38","date_gmt":"2018-08-02T21:27:38","guid":{"rendered":"http:\/\/www.glauciacoutinho.com.br\/gc\/?page_id=690"},"modified":"2020-01-21T23:11:33","modified_gmt":"2020-01-22T02:11:33","slug":"manifesto","status":"publish","type":"page","link":"http:\/\/www.glauciacoutinho.com.br\/gc\/manifesto\/","title":{"rendered":"Manifesto"},"content":{"rendered":"<h2>Transformando mulheres em l\u00edderes<\/h2>\n<p><img loading=\"lazy\" class=\"aligncenter wp-image-1362 size-full\" src=\"http:\/\/www.glauciacoutinho.com.br\/gc\/wp-content\/uploads\/2020\/01\/foto-mulheres-manifesto.jpg\" alt=\"\" width=\"860\" height=\"521\" srcset=\"http:\/\/www.glauciacoutinho.com.br\/gc\/wp-content\/uploads\/2020\/01\/foto-mulheres-manifesto.jpg 860w, http:\/\/www.glauciacoutinho.com.br\/gc\/wp-content\/uploads\/2020\/01\/foto-mulheres-manifesto-300x182.jpg 300w, http:\/\/www.glauciacoutinho.com.br\/gc\/wp-content\/uploads\/2020\/01\/foto-mulheres-manifesto-768x465.jpg 768w, http:\/\/www.glauciacoutinho.com.br\/gc\/wp-content\/uploads\/2020\/01\/foto-mulheres-manifesto-395x239.jpg 395w, http:\/\/www.glauciacoutinho.com.br\/gc\/wp-content\/uploads\/2020\/01\/foto-mulheres-manifesto-233x140.jpg 233w, http:\/\/www.glauciacoutinho.com.br\/gc\/wp-content\/uploads\/2020\/01\/foto-mulheres-manifesto-819x496.jpg 819w\" sizes=\"(max-width: 860px) 100vw, 860px\" \/><\/p>\n<p>Somos praticamente metade do g\u00eanero existente no planeta. Temos mais escolaridade do que o g\u00eanero oposto. Quando trabalhamos em cargos de alta lideran\u00e7a, as empresas s\u00e3o menos suscet\u00edveis \u00e0 corrup\u00e7\u00e3o e ainda t\u00eam, comprovadamente, um percentual de lucro maior do que as empresas que empregam mais homens em cargos de diretoria.<\/p>\n<p>Somos perfeccionistas e buscamos dar conta de um milh\u00e3o de coisas ao mesmo tempo. Parece imposs\u00edvel, contradit\u00f3rio, as duas coisas ao mesmo tempo.<\/p>\n<p><strong>Transformamos a vida de muita gente.<\/strong> Passamos grande parte da vida cuidando e dando aten\u00e7\u00e3o para fam\u00edlia, amigos, chefes, colegas de emprego e, no final,<strong> quando damos aten\u00e7\u00e3o para o que n\u00f3s mesmas queremos?<\/strong><\/p>\n<p>Buscamos trabalho que nos traga realiza\u00e7\u00e3o, mas nem sempre conseguimos ter coragem para fazer o que de fato amamos.<\/p>\n<p>O conceito de <strong>sucesso<\/strong> para n\u00f3s \u00e9 a quantidade de impacto que causamos na vida de outras pessoas e n\u00e3o necessariamente o nosso status, posi\u00e7\u00e3o social ou quanto recebemos de remunera\u00e7\u00e3o.<\/p>\n<p>Nos desafiamos, o tempo inteiro, em profiss\u00f5es em que sabemos que n\u00e3o somos bem vistas pela sociedade machista que vivemos. <strong>N\u00e3o desistimos. Somos fortes!<\/strong><\/p>\n<p>Somos julgadas e criticadas quando decidimos fazer o que amamos ou quando decidimos empreender. Somos muitas vezes incompreendidas pela grande maioria das pessoas com as quais convivemos. Somos corajosas!<\/p>\n<p>Nos jogamos de peito aberto para novos desafios e seguimos em frente mesmo com medo e nos sentindo sozinhas.<\/p>\n<p>Sentimos que n\u00e3o faz sentido viver a vida se n\u00e3o for por um prop\u00f3sito claro e forte. V<strong>oc\u00ea sabe que \u00e9 capaz<\/strong>! Voc\u00ea tem sonhos grandes! Voc\u00ea consegue!<\/p>\n<p><strong>Estou aqui para te apoiar e se preciso for, para irmos juntas.\u00a0<\/strong><\/p>\n<p><a href=\"http:\/\/www.glauciacoutinho.com.br\/gc\/fala-comigo\/\"><span style=\"text-decoration: underline;\">Fale comigo.<\/span><\/a><\/p>\n","protected":false},"excerpt":{"rendered":"<p>Transformando mulheres em l\u00edderes Somos praticamente metade do g\u00eanero existente no planeta. Temos mais escolaridade do que o g\u00eanero oposto. Quando trabalhamos em cargos de alta lideran\u00e7a, as empresas s\u00e3o menos suscet\u00edveis \u00e0 corrup\u00e7\u00e3o e ainda t\u00eam, comprovadamente, um percentual de lucro maior do que as empresas que empregam mais homens em cargos de diretoria. [&hellip;]<\/p>\n","protected":false},"author":2,"featured_media":0,"parent":0,"menu_order":0,"comment_status":"closed","ping_status":"closed","template":"","meta":[],"_links":{"self":[{"href":"http:\/\/www.glauciacoutinho.com.br\/gc\/wp-json\/wp\/v2\/pages\/690"}],"collection":[{"href":"http:\/\/www.glauciacoutinho.com.br\/gc\/wp-json\/wp\/v2\/pages"}],"about":[{"href":"http:\/\/www.glauciacoutinho.com.br\/gc\/wp-json\/wp\/v2\/types\/page"}],"author":[{"embeddable":true,"href":"http:\/\/www.glauciacoutinho.com.br\/gc\/wp-json\/wp\/v2\/users\/2"}],"replies":[{"embeddable":true,"href":"http:\/\/www.glauciacoutinho.com.br\/gc\/wp-json\/wp\/v2\/comments?post=690"}],"version-history":[{"count":6,"href":"http:\/\/www.glauciacoutinho.com.br\/gc\/wp-json\/wp\/v2\/pages\/690\/revisions"}],"predecessor-version":[{"id":1364,"href":"http:\/\/www.glauciacoutinho.com.br\/gc\/wp-json\/wp\/v2\/pages\/690\/revisions\/1364"}],"wp:attachment":[{"href":"http:\/\/www.glauciacoutinho.com.br\/gc\/wp-json\/wp\/v2\/media?parent=690"}],"curies":[{"name":"wp","href":"https:\/\/api.w.org\/{rel}","templated":true}]}}