{"id":732,"date":"2018-08-04T17:18:26","date_gmt":"2018-08-04T20:18:26","guid":{"rendered":"http:\/\/www.glauciacoutinho.com.br\/gc\/?page_id=732"},"modified":"2018-08-07T19:38:52","modified_gmt":"2018-08-07T22:38:52","slug":"parcerias","status":"publish","type":"page","link":"http:\/\/www.glauciacoutinho.com.br\/gc\/parcerias\/","title":{"rendered":"Parcerias"},"content":{"rendered":"<section class=\"kc-elm kc-css-40385 kc_row\"><div class=\"kc-row-container  kc-container\"><div class=\"kc-wrap-columns\"><div class=\"kc-elm kc-css-505463 kc_col-sm-12 kc_column kc_col-sm-12\"><div class=\"kc-col-container\">\n<div class=\"kc-elm kc-css-397551 kc-title-wrap \">\n\n\t<h1 class=\"kc_title\">Parcerias<\/h1>\n<\/div>\n<div class=\"kc-elm kc-css-852020\" style=\"height: 20px; clear: both; width:100%;\"><\/div><div class=\"kc-elm kc-css-677964\" style=\"height: 20px; clear: both; width:100%;\"><\/div><div class=\"kc-elm kc-css-434480 kc_text_block\"><\/p>\n<p><img loading=\"lazy\" class=\"alignleft \" src=\"http:\/\/www.glauciacoutinho.com.br\/gc\/wp-content\/uploads\/2018\/08\/parcerias.jpg\" alt=\"Vamos ser parceiras?\" width=\"321\" height=\"180\" \/><\/p>\n<p>Voc\u00ea tamb\u00e9m ministra cursos e treinamentos de aprimoramento pessoal, empreendedorismo e mudan\u00e7as de mindset? Fale comigo!<\/p>\n<p>Vamos ser parceiras!<\/p>\n<p>Celular: (13) 9-8224-4414 (Whataspp)<\/p>\n<p>E-mail: <a href=\"mailto:glaucia@glauciacoutinho.com.br\">glaucia@glauciacoutinho.com.br<\/a><\/p>\n<p>\n<\/div><div class=\"kc-elm kc-css-113549\" style=\"height: 53px; clear: both; width:100%;\"><\/div><div class=\"kc-contact-form7 kc-elm kc-css-942142\"><div role=\"form\" class=\"wpcf7\" id=\"wpcf7-f733-o1\" lang=\"pt-BR\" dir=\"ltr\">\n<div class=\"screen-reader-response\" role=\"alert\" aria-live=\"polite\"><\/div>\n<form action=\"\/gc\/wp-json\/wp\/v2\/pages\/732#wpcf7-f733-o1\" method=\"post\" class=\"wpcf7-form init\" novalidate=\"novalidate\">\n<div style=\"display: none;\">\n<input type=\"hidden\" name=\"_wpcf7\" value=\"733\" \/>\n<input type=\"hidden\" name=\"_wpcf7_version\" value=\"5.2.2\" \/>\n<input type=\"hidden\" name=\"_wpcf7_locale\" value=\"pt_BR\" \/>\n<input type=\"hidden\" name=\"_wpcf7_unit_tag\" value=\"wpcf7-f733-o1\" \/>\n<input type=\"hidden\" name=\"_wpcf7_container_post\" value=\"0\" \/>\n<input type=\"hidden\" name=\"_wpcf7_posted_data_hash\" value=\"\" \/>\n<\/div>\n<p><label> Seu nome (obrigat\u00f3rio)<br \/>\n    <span class=\"wpcf7-form-control-wrap your-name\"><input type=\"text\" name=\"your-name\" value=\"\" size=\"40\" class=\"wpcf7-form-control wpcf7-text wpcf7-validates-as-required\" aria-required=\"true\" aria-invalid=\"false\" \/><\/span> <\/label><\/p>\n<p><label> Seu e-mail (obrigat\u00f3rio)<br \/>\n    <span class=\"wpcf7-form-control-wrap your-email\"><input type=\"email\" name=\"your-email\" value=\"\" size=\"40\" class=\"wpcf7-form-control wpcf7-text wpcf7-email wpcf7-validates-as-required wpcf7-validates-as-email\" aria-required=\"true\" aria-invalid=\"false\" \/><\/span> <\/label><\/p>\n<p><label> Seu telefone (com DDD) (obrigat\u00f3rio)<br \/>\n    <span class=\"wpcf7-form-control-wrap tel-554\"><input type=\"tel\" name=\"tel-554\" value=\"\" size=\"40\" class=\"wpcf7-form-control wpcf7-text wpcf7-tel wpcf7-validates-as-tel\" aria-invalid=\"false\" \/><\/span> <\/label><\/p>\n<p><label> Assunto<br \/>\n    <span class=\"wpcf7-form-control-wrap your-subject\"><input type=\"text\" name=\"your-subject\" value=\"\" size=\"40\" class=\"wpcf7-form-control wpcf7-text\" aria-invalid=\"false\" \/><\/span> <\/label><\/p>\n<p><label> Sua mensagem<br \/>\n    <span class=\"wpcf7-form-control-wrap your-message\"><textarea name=\"your-message\" cols=\"40\" rows=\"10\" class=\"wpcf7-form-control wpcf7-textarea\" aria-invalid=\"false\"><\/textarea><\/span> <\/label><\/p>\n<p><input type=\"submit\" value=\"Enviar\" class=\"wpcf7-form-control wpcf7-submit\" \/><\/p>\n<div class=\"wpcf7-response-output\" role=\"alert\" aria-hidden=\"true\"><\/div><\/form><\/div><\/div><div class=\"kc-elm kc-css-875294\" style=\"height: 20px; clear: both; width:100%;\"><\/div><\/div><\/div><\/div><\/div><\/section>\n","protected":false},"excerpt":{"rendered":"","protected":false},"author":2,"featured_media":0,"parent":0,"menu_order":0,"comment_status":"closed","ping_status":"closed","template":"","meta":[],"_links":{"self":[{"href":"http:\/\/www.glauciacoutinho.com.br\/gc\/wp-json\/wp\/v2\/pages\/732"}],"collection":[{"href":"http:\/\/www.glauciacoutinho.com.br\/gc\/wp-json\/wp\/v2\/pages"}],"about":[{"href":"http:\/\/www.glauciacoutinho.com.br\/gc\/wp-json\/wp\/v2\/types\/page"}],"author":[{"embeddable":true,"href":"http:\/\/www.glauciacoutinho.com.br\/gc\/wp-json\/wp\/v2\/users\/2"}],"replies":[{"embeddable":true,"href":"http:\/\/www.glauciacoutinho.com.br\/gc\/wp-json\/wp\/v2\/comments?post=732"}],"version-history":[{"count":7,"href":"http:\/\/www.glauciacoutinho.com.br\/gc\/wp-json\/wp\/v2\/pages\/732\/revisions"}],"predecessor-version":[{"id":773,"href":"http:\/\/www.glauciacoutinho.com.br\/gc\/wp-json\/wp\/v2\/pages\/732\/revisions\/773"}],"wp:attachment":[{"href":"http:\/\/www.glauciacoutinho.com.br\/gc\/wp-json\/wp\/v2\/media?parent=732"}],"curies":[{"name":"wp","href":"https:\/\/api.w.org\/{rel}","templated":true}]}}